{"id":29,"date":"2023-12-27T18:15:41","date_gmt":"2023-12-27T17:15:41","guid":{"rendered":"http:\/\/rocznikostrowiecki.pl\/?page_id=29"},"modified":"2023-12-28T09:19:36","modified_gmt":"2023-12-28T08:19:36","slug":"2023-nr-3","status":"publish","type":"page","link":"https:\/\/rocznikostrowiecki.pl\/?page_id=29","title":{"rendered":"2023 \/ nr 3"},"content":{"rendered":"\n<table id=\"tablepress-3\" class=\"tablepress tablepress-id-3\">\n<tbody class=\"row-hover\">\n<tr class=\"row-1 odd\">\n\t<td class=\"column-1\"><\/td><td class=\"column-2\"><a href=\"https:\/\/rocznikostrowiecki.pl\/wp-content\/uploads\/2023\/12\/RO-2023_3.pdf\" target=\"_blank\" rel=\"noopener\"><img fetchpriority=\"high\" decoding=\"async\" src=\"https:\/\/rocznikostrowiecki.pl\/wp-content\/uploads\/2023\/12\/Okladka-nr-3_page-0001-235x300.jpg\" alt=\"\" width=\"235\" height=\"300\" class=\"alignnone size-medium wp-image-67\" srcset=\"https:\/\/rocznikostrowiecki.pl\/wp-content\/uploads\/2023\/12\/Okladka-nr-3_page-0001-235x300.jpg 235w, https:\/\/rocznikostrowiecki.pl\/wp-content\/uploads\/2023\/12\/Okladka-nr-3_page-0001-801x1024.jpg 801w, https:\/\/rocznikostrowiecki.pl\/wp-content\/uploads\/2023\/12\/Okladka-nr-3_page-0001-768x981.jpg 768w, https:\/\/rocznikostrowiecki.pl\/wp-content\/uploads\/2023\/12\/Okladka-nr-3_page-0001.jpg 1137w\" sizes=\"(max-width: 235px) 100vw, 235px\" \/><\/a><\/td>\n<\/tr>\n<tr class=\"row-2 even\">\n\t<td class=\"column-1\"><\/td><td class=\"column-2\"><strong>I. ARTYKU\u0141Y NAUKOWE<\/td>\n<\/tr>\n<tr class=\"row-3 odd\">\n\t<td class=\"column-1\">Tomasz Olszacki<\/td><td class=\"column-2\"><a href=\"https:\/\/rocznikostrowiecki.pl\/wp-content\/uploads\/2023\/12\/RO-2023_3.Olszacki.pdf\" target=\"_blank\" rel=\"noopener\">Mi\u0119dzy Hofburgiem a Wawelem. Zamek na wyspie w \u0106mielowie w \u015bwietle bada\u0144 archeologiczno-architektonicznych przeprowadzonych w latach 2022-2023<\/a><\/td>\n<\/tr>\n<tr class=\"row-4 even\">\n\t<td class=\"column-1\">Zdzis\u0142aw Pietrzyk<\/td><td class=\"column-2\"><a href=\"https:\/\/rocznikostrowiecki.pl\/wp-content\/uploads\/2023\/12\/RO-2023_3.Pietrzyk.pdf\" target=\"_blank\" rel=\"noopener\">Patroni parafii \u015bw. Micha\u0142a w Ostrowcu \u015awi\u0119tokrzyskim w epoce przedrozbiorowej<\/a><\/td>\n<\/tr>\n<tr class=\"row-5 odd\">\n\t<td class=\"column-1\">Kamil Kaptur<\/td><td class=\"column-2\"><a href=\"https:\/\/rocznikostrowiecki.pl\/wp-content\/uploads\/2023\/12\/RO-2023_3.Kaptur.pdf\" target=\"_blank\" rel=\"noopener\">Jerzy Dobrza\u0144ski i narodziny ostrowieckiego wielkopiecownictwa<\/a><\/td>\n<\/tr>\n<tr class=\"row-6 even\">\n\t<td class=\"column-1\">Waldemar Ryszard Brociek<\/td><td class=\"column-2\"><a href=\"https:\/\/rocznikostrowiecki.pl\/wp-content\/uploads\/2023\/12\/RO-2023_3.Brociek.pdf\" target=\"_blank\" rel=\"noopener\">Szko\u0142a fabryczna Cukrowni Cz\u0119stocice<\/a><\/td>\n<\/tr>\n<tr class=\"row-7 odd\">\n\t<td class=\"column-1\"><\/td><td class=\"column-2\"><strong>II. RAPORT ROCZNIKA OSTROWIECKIEGO<\/td>\n<\/tr>\n<tr class=\"row-8 even\">\n\t<td class=\"column-1\">Dariusz Kisiel<\/td><td class=\"column-2\"><a href=\"https:\/\/rocznikostrowiecki.pl\/wp-content\/uploads\/2023\/12\/RO-2023_3.Kisiel1.pdf\" target=\"_blank\" rel=\"noopener\">Ponad 100 mln z\u0142 na pomoc spo\u0142eczn\u0105. W jakich dzielnicach potrzebna jest najbardziej?<\/a><\/td>\n<\/tr>\n<tr class=\"row-9 odd\">\n\t<td class=\"column-1\"><\/td><td class=\"column-2\"><strong>III. WSPOMNIENIA I RELACJE<\/td>\n<\/tr>\n<tr class=\"row-10 even\">\n\t<td class=\"column-1\">J\u00f3zef Libuda<\/td><td class=\"column-2\"><a href=\"https:\/\/rocznikostrowiecki.pl\/wp-content\/uploads\/2023\/12\/RO-2023_3.Kisiel1.pdf\" target=\"_blank\" rel=\"noopener\">Pitaval ostrowiecki \u2013 cz\u0119\u015b\u0107 2<\/a><\/td>\n<\/tr>\n<tr class=\"row-11 odd\">\n\t<td class=\"column-1\">Szymon Lada<\/td><td class=\"column-2\"><a href=\"https:\/\/rocznikostrowiecki.pl\/wp-content\/uploads\/2023\/12\/RO-2023_3.Lada_.pdf\" target=\"_blank\" rel=\"noopener\">Moja droga zawodowa ze Zwi\u0105zkiem Nauczycielstwa Polskiego i Bia\u0142o-Czerwon\u0105<\/a><\/td>\n<\/tr>\n<tr class=\"row-12 even\">\n\t<td class=\"column-1\"><\/td><td class=\"column-2\"><strong>IV. ZNANI-NIEZNANI<\/td>\n<\/tr>\n<tr class=\"row-13 odd\">\n\t<td class=\"column-1\">Dariusz Kisiel, Waldemar Fra\u0144czak<\/td><td class=\"column-2\"><a href=\"https:\/\/rocznikostrowiecki.pl\/wp-content\/uploads\/2023\/12\/RO-2023_3.Kisiel-Franczak.pdf\" target=\"_blank\" rel=\"noopener\">Prezes KSZO, kt\u00f3ry zosta\u0142 misjonarzem<\/a><\/td>\n<\/tr>\n<tr class=\"row-14 even\">\n\t<td class=\"column-1\">Dariusz Kisiel<\/td><td class=\"column-2\"><a href=\"https:\/\/rocznikostrowiecki.pl\/wp-content\/uploads\/2023\/12\/RO-2023_3.Kisiel2.pdf\" target=\"_blank\" rel=\"noopener\">Erwina Papp. Pasja i wiedza przeniesiona na modelarstwo kolejowe<\/a><\/td>\n<\/tr>\n<tr class=\"row-15 odd\">\n\t<td class=\"column-1\"><\/td><td class=\"column-2\"><strong>V. ROZMOWY<\/td>\n<\/tr>\n<tr class=\"row-16 even\">\n\t<td class=\"column-1\"><\/td><td class=\"column-2\"><a href=\"https:\/\/rocznikostrowiecki.pl\/wp-content\/uploads\/2023\/12\/RO-2023_3.Borenstein-wywiad.pdf\" target=\"_blank\" rel=\"noopener\">\u017bydowski Ostrowiec. Rozmowa z Avi Borensteinem, pomys\u0142odawc\u0105 i za\u0142o\u017cycielem Projektu Pami\u0119ci \u017byd\u00f3w Ostrowieckich (rozmawia\u0142: Dariusz Kisiel)<\/a><\/td>\n<\/tr>\n<tr class=\"row-17 odd\">\n\t<td class=\"column-1\"><\/td><td class=\"column-2\"><strong>VI. OSTROWIEC W PRASIE<\/td>\n<\/tr>\n<tr class=\"row-18 even\">\n\t<td class=\"column-1\">Szymon Modzelewski<\/td><td class=\"column-2\"><a href=\"https:\/\/rocznikostrowiecki.pl\/wp-content\/uploads\/2023\/12\/RO-2023_3.Modzelewski.pdf\" target=\"_blank\" rel=\"noopener\">Odkrycie pradziejowych kopal\u0144 w Krzemionkach w mi\u0119dzywojennej prasie lokalnej<\/a><\/td>\n<\/tr>\n<tr class=\"row-19 odd\">\n\t<td class=\"column-1\"><\/td><td class=\"column-2\"><strong>VII. ODESZLI<\/td>\n<\/tr>\n<tr class=\"row-20 even\">\n\t<td class=\"column-1\">Dariusz Kisiel<\/td><td class=\"column-2\"><a href=\"https:\/\/rocznikostrowiecki.pl\/wp-content\/uploads\/2023\/12\/RO-2023_3.Kisiel3.pdf\" target=\"_blank\" rel=\"noopener\">Janusz Batugowski. Trener z ogromnym poczuciem humoru<\/a><\/td>\n<\/tr>\n<tr class=\"row-21 odd\">\n\t<td class=\"column-1\">Andrzej \u0141ada<\/td><td class=\"column-2\"><a href=\"https:\/\/rocznikostrowiecki.pl\/wp-content\/uploads\/2023\/12\/RO-2023_3.LadaA_.pdf\" target=\"_blank\" rel=\"noopener\">Waldemar Bylak. Profesor \u2013 malarz poezji<\/a><\/td>\n<\/tr>\n<tr class=\"row-22 even\">\n\t<td class=\"column-1\">Anna Mroczek<\/td><td class=\"column-2\"><a href=\"https:\/\/rocznikostrowiecki.pl\/wp-content\/uploads\/2023\/12\/RO-2023_3.Mroczek.pdf\" target=\"_blank\" rel=\"noopener\">Joanna Chruszczy\u0144ska. Poetka z \u017co\u0142niersk\u0105 charyzm\u0105<\/a><\/td>\n<\/tr>\n<tr class=\"row-23 odd\">\n\t<td class=\"column-1\">Aneta Pier\u015bcinska-Maruszewska<\/td><td class=\"column-2\"><a href=\"https:\/\/rocznikostrowiecki.pl\/wp-content\/uploads\/2023\/12\/RO-2023_3.Pierscinska.pdf\" target=\"_blank\" rel=\"noopener\">Joanna Chruszczy\u0144ska. Ku pami\u0119ci<\/a><\/td>\n<\/tr>\n<tr class=\"row-24 even\">\n\t<td class=\"column-1\">Andrzej Broda<\/td><td class=\"column-2\">Henryk Gryz. Mistrz modelarstwa<a href=\"https:\/\/rocznikostrowiecki.pl\/wp-content\/uploads\/2023\/12\/RO-2023_3.Broda_.pdf\" target=\"_blank\" rel=\"noopener\"><\/a><\/td>\n<\/tr>\n<tr class=\"row-25 odd\">\n\t<td class=\"column-1\">Krzysztof Adamski<\/td><td class=\"column-2\"><a href=\"https:\/\/rocznikostrowiecki.pl\/wp-content\/uploads\/2023\/12\/RO-2023_3.Adamski.pdf\" target=\"_blank\" rel=\"noopener\">Stanis\u0142aw Karbowniczek. Wspomnienie o Panu Stanis\u0142awie<\/a><\/td>\n<\/tr>\n<tr class=\"row-26 even\">\n\t<td class=\"column-1\">Jan Sarwa<\/td><td class=\"column-2\"><a href=\"https:\/\/rocznikostrowiecki.pl\/wp-content\/uploads\/2023\/12\/RO-2023_3.Sarwa_.pdf\" target=\"_blank\" rel=\"noopener\">Tadeusz Lutkowski. Z humorem i pogod\u0105 ducha<\/a><\/td>\n<\/tr>\n<tr class=\"row-27 odd\">\n\t<td class=\"column-1\">Dariusz Kisiel<\/td><td class=\"column-2\"><a href=\"https:\/\/rocznikostrowiecki.pl\/wp-content\/uploads\/2023\/12\/RO-2023_3.Kisiel6.pdf\" target=\"_blank\" rel=\"noopener\">Tadeusz Niezgoda. Z KSZO by\u0142 zwi\u0105zany przez 71 lat<\/a><\/td>\n<\/tr>\n<tr class=\"row-28 even\">\n\t<td class=\"column-1\">Dariusz Kisiel<\/td><td class=\"column-2\"><a href=\"https:\/\/rocznikostrowiecki.pl\/wp-content\/uploads\/2023\/12\/RO-2023_3.Kisiel5.pdf\" target=\"_blank\" rel=\"noopener\">Zdzis\u0142aw Saracin. Pi\u0119\u015bciarz, hutnik, in\u017cynier<\/a><\/td>\n<\/tr>\n<tr class=\"row-29 odd\">\n\t<td class=\"column-1\">Dariusz Kisiel<\/td><td class=\"column-2\"><a href=\"https:\/\/rocznikostrowiecki.pl\/wp-content\/uploads\/2023\/12\/RO-2023_3.Kisiel6.pdf\" target=\"_blank\" rel=\"noopener\">Leszek Wojs\u0142awski. Pi\u0142karz i hutnik<\/a><\/td>\n<\/tr>\n<tr class=\"row-30 even\">\n\t<td class=\"column-1\"><\/td><td class=\"column-2\"><strong>VIII. RECENZJE<\/td>\n<\/tr>\n<tr class=\"row-31 odd\">\n\t<td class=\"column-1\">Jaros\u0142aw Centek<\/td><td class=\"column-2\"><a href=\"https:\/\/rocznikostrowiecki.pl\/wp-content\/uploads\/2023\/12\/RO-2023_3.Centek.pdf\" target=\"_blank\" rel=\"noopener\">Marek Lis Ziemia lipska w czasie Wielkiej Wojny. Dzia\u0142ania wojenne pierwszej wojny \u015bwiatowej 1914-1915 mi\u0119dzy I\u0142\u017cank\u0105, Wis\u0142\u0105 i Kamienn\u0105, Wydawnictwo Naukowe FNCE, Pozna\u0144 2022, ss. 441<\/a><\/td>\n<\/tr>\n<tr class=\"row-32 even\">\n\t<td class=\"column-1\">Pawe\u0142 Gotowiecki<\/td><td class=\"column-2\"><a href=\"https:\/\/rocznikostrowiecki.pl\/wp-content\/uploads\/2023\/12\/RO-2023_3.Gotowiecki1.pdf\" target=\"_blank\" rel=\"noopener\">Marek \u015awieca (redakcja), Aby zachowa\u0107 dziedzictwo. 65 lat pracy artystycznej Tadeusza Kurka, Wydawnictwo WSBiP, Ostrowiec \u015awi\u0119tokrzyski 2022, ss. 120<\/a><\/td>\n<\/tr>\n<tr class=\"row-33 odd\">\n\t<td class=\"column-1\"><\/td><td class=\"column-2\"><strong>IX. NOTY, KOMENTARZE, POLEMIKI<\/td>\n<\/tr>\n<tr class=\"row-34 even\">\n\t<td class=\"column-1\">Tadeusz Banaszek<\/td><td class=\"column-2\"><a href=\"https:\/\/rocznikostrowiecki.pl\/wp-content\/uploads\/2023\/12\/RO-2023_3.Banaszek.pdf\" target=\"_blank\" rel=\"noopener\">Jednostki Wojska Polskiego w Ostrowcu \u015awi\u0119tokrzyskim<\/a><\/td>\n<\/tr>\n<tr class=\"row-35 odd\">\n\t<td class=\"column-1\">Pawe\u0142 Gotowiecki<\/td><td class=\"column-2\"><a href=\"https:\/\/rocznikostrowiecki.pl\/wp-content\/uploads\/2023\/12\/RO-2023_3.Gotowiecki2.pdf\" target=\"_blank\" rel=\"noopener\">Jeszcze o wojsku w Ostrowcu \u015awi\u0119tokrzyskim<\/a><\/td>\n<\/tr>\n<tr class=\"row-36 even\">\n\t<td class=\"column-1\"><\/td><td class=\"column-2\"><strong>X. OSTROWIECKA KRONIKA KULTURALNA<\/td>\n<\/tr>\n<tr class=\"row-37 odd\">\n\t<td class=\"column-1\">Barbara Bakalarz-Kowalska<\/td><td class=\"column-2\"><a href=\"https:\/\/rocznikostrowiecki.pl\/wp-content\/uploads\/2023\/12\/RO-2023_3.Kronika.pdf\" target=\"_blank\" rel=\"noopener\">Kalendarium wydarze\u0144 kulturalnych w roku 2022<\/a><\/td>\n<\/tr>\n<\/tbody>\n<\/table>\n<!-- #tablepress-3 from cache -->","protected":false},"excerpt":{"rendered":"","protected":false},"author":1,"featured_media":0,"parent":0,"menu_order":0,"comment_status":"closed","ping_status":"closed","template":"","meta":{"footnotes":""},"class_list":["post-29","page","type-page","status-publish","hentry"],"_links":{"self":[{"href":"https:\/\/rocznikostrowiecki.pl\/index.php?rest_route=\/wp\/v2\/pages\/29","targetHints":{"allow":["GET"]}}],"collection":[{"href":"https:\/\/rocznikostrowiecki.pl\/index.php?rest_route=\/wp\/v2\/pages"}],"about":[{"href":"https:\/\/rocznikostrowiecki.pl\/index.php?rest_route=\/wp\/v2\/types\/page"}],"author":[{"embeddable":true,"href":"https:\/\/rocznikostrowiecki.pl\/index.php?rest_route=\/wp\/v2\/users\/1"}],"replies":[{"embeddable":true,"href":"https:\/\/rocznikostrowiecki.pl\/index.php?rest_route=%2Fwp%2Fv2%2Fcomments&post=29"}],"version-history":[{"count":2,"href":"https:\/\/rocznikostrowiecki.pl\/index.php?rest_route=\/wp\/v2\/pages\/29\/revisions"}],"predecessor-version":[{"id":134,"href":"https:\/\/rocznikostrowiecki.pl\/index.php?rest_route=\/wp\/v2\/pages\/29\/revisions\/134"}],"wp:attachment":[{"href":"https:\/\/rocznikostrowiecki.pl\/index.php?rest_route=%2Fwp%2Fv2%2Fmedia&parent=29"}],"curies":[{"name":"wp","href":"https:\/\/api.w.org\/{rel}","templated":true}]}}