{"id":256,"date":"2026-04-18T17:33:03","date_gmt":"2026-04-18T15:33:03","guid":{"rendered":"https:\/\/rocznikostrowiecki.pl\/?page_id=256"},"modified":"2026-04-18T17:33:33","modified_gmt":"2026-04-18T15:33:33","slug":"2024-nr-4","status":"publish","type":"page","link":"https:\/\/rocznikostrowiecki.pl\/?page_id=256","title":{"rendered":"2024 \/ nr 4"},"content":{"rendered":"\n<table id=\"tablepress-4\" class=\"tablepress tablepress-id-4\">\n<tbody class=\"row-hover\">\n<tr class=\"row-1 odd\">\n\t<td class=\"column-1\">pobierz w ca\u0142o\u015bci<\/td><td class=\"column-2\"><a href=\"https:\/\/rocznikostrowiecki.pl\/wp-content\/uploads\/2026\/04\/RO-2024_4.pdf\" rel=\"noopener\" target=\"_blank\"><img fetchpriority=\"high\" decoding=\"async\" src=\"https:\/\/rocznikostrowiecki.pl\/wp-content\/uploads\/2026\/04\/7_52_05.png\" alt=\"\" width=\"211\" height=\"300\" class=\"alignnone size-medium wp-image-225\" \/><\/a><\/td>\n<\/tr>\n<tr class=\"row-2 even\">\n\t<td class=\"column-1\"><\/td><td class=\"column-2\"><strong>I. ARTYKU\u0141Y NAUKOWE<\/td>\n<\/tr>\n<tr class=\"row-3 odd\">\n\t<td class=\"column-1\">Waldemar R. Brociek, Artur Jedynak, Kamil Kaptur<\/td><td class=\"column-2\"><a href=\"https:\/\/rocznikostrowiecki.pl\/wp-content\/uploads\/2026\/04\/RO-2024_4.Brociek-Jedynak-Kaptur.pdf\" target=\"_blank\" rel=\"noopener\">XVII-wieczny skarb monet z Ostrowca \u015awi\u0119tokrzyskiego-Denkowa<\/a><\/td>\n<\/tr>\n<tr class=\"row-4 even\">\n\t<td class=\"column-1\">\u0141ukasz W\u00f3jcik<\/td><td class=\"column-2\"><a href=\"https:\/\/rocznikostrowiecki.pl\/wp-content\/uploads\/2026\/04\/RO-2024_4.Wojcik.pdf\" target=\"_blank\" rel=\"noopener\">Legenda o garncarzu Wojtosie, czyli o reklamie z pocz\u0105tku XX wieku<\/a><\/td>\n<\/tr>\n<tr class=\"row-5 odd\">\n\t<td class=\"column-1\">Tadeusz Banaszek<\/td><td class=\"column-2\"><a href=\"https:\/\/rocznikostrowiecki.pl\/wp-content\/uploads\/2026\/04\/RO-2024_4.Banaszek.pdf\" target=\"_blank\" rel=\"noopener\">Zak\u0142ady Ostrowieckie jako przedsi\u0119biorstwo \u015bcis\u0142ego przemys\u0142u wojennego w II Rzeczypospolitej<\/a><\/td>\n<\/tr>\n<tr class=\"row-6 even\">\n\t<td class=\"column-1\">Wojciech Mazan<\/td><td class=\"column-2\"><a href=\"https:\/\/rocznikostrowiecki.pl\/wp-content\/uploads\/2026\/04\/RO-2024_4.Mazan_.pdf\" target=\"_blank\" rel=\"noopener\">\u201eNie wezm\u0105 Bobusia, p\u00f3ki \u017cyjemy!\u201d. \u017bydowski ruch oporu w Ostrowcu<\/a><\/td>\n<\/tr>\n<tr class=\"row-7 odd\">\n\t<td class=\"column-1\">Zbigniew Tyczy\u0144ski<\/td><td class=\"column-2\"><a href=\"https:\/\/rocznikostrowiecki.pl\/wp-content\/uploads\/2026\/04\/RO-2024_4.Tyczynski.pdf\" target=\"_blank\" rel=\"noopener\">O tym, jak Ostrowiec utrzymywano w czysto\u015bci. Przyczynek do dziej\u00f3w gospodarki komunalnej w mie\u015bcie<\/a><\/td>\n<\/tr>\n<tr class=\"row-8 even\">\n\t<td class=\"column-1\">Stefan Suska<\/td><td class=\"column-2\"><a href=\"https:\/\/rocznikostrowiecki.pl\/wp-content\/uploads\/2026\/04\/RO-2024_4.Suska_.pdf\" target=\"_blank\" rel=\"noopener\">Budowle ochronne ludno\u015bci miasta Ostrowca \u015awi\u0119tokrzyskiego wczoraj i dzisiaj<\/a><\/td>\n<\/tr>\n<tr class=\"row-9 odd\">\n\t<td class=\"column-1\"><\/td><td class=\"column-2\"><strong>II. RAPORT ROCZNIKA OSTROWIECKIEGO<\/td>\n<\/tr>\n<tr class=\"row-10 even\">\n\t<td class=\"column-1\">Dariusz Kisiel<\/td><td class=\"column-2\"><a href=\"https:\/\/rocznikostrowiecki.pl\/wp-content\/uploads\/2026\/04\/RO-2024_4.Kisiel1.pdf\" target=\"_blank\" rel=\"noopener\">Rynek stalowy. Hutnictwo w Polsce wykorzystuje zaledwie 60% dost\u0119pnych mocy<\/a><\/td>\n<\/tr>\n<tr class=\"row-11 odd\">\n\t<td class=\"column-1\"><\/td><td class=\"column-2\"><strong>III. WSPOMNIENIA I RELACJE<\/td>\n<\/tr>\n<tr class=\"row-12 even\">\n\t<td class=\"column-1\">Andrzej Broda<\/td><td class=\"column-2\"><a href=\"https:\/\/rocznikostrowiecki.pl\/wp-content\/uploads\/2026\/04\/RO-2024_4.Broda_.pdf\" target=\"_blank\" rel=\"noopener\">Pitaval ostrowiecki \u2013 cz\u0119\u015b\u0107 3<\/a><\/td>\n<\/tr>\n<tr class=\"row-13 odd\">\n\t<td class=\"column-1\">Barbara Bakalarz-Kowalska (oprac.)<\/td><td class=\"column-2\"><a href=\"https:\/\/rocznikostrowiecki.pl\/wp-content\/uploads\/2026\/04\/RO-2024_4.B.-Kowalska.pdf\" target=\"_blank\" rel=\"noopener\">Spe\u0142niane \u017cycie Zygmunta Mruka<\/a><\/td>\n<\/tr>\n<tr class=\"row-14 even\">\n\t<td class=\"column-1\">Andrzej Broda (oprac.)<\/td><td class=\"column-2\"><a href=\"https:\/\/rocznikostrowiecki.pl\/wp-content\/uploads\/2026\/04\/RO-2024_4.Broda2_.pdf\" target=\"_blank\" rel=\"noopener\">Jan R\u00f3\u017cycki \u2013 cichociemny z Ostrowca \u015awi\u0119tokrzyskiego<\/a><\/td>\n<\/tr>\n<tr class=\"row-15 odd\">\n\t<td class=\"column-1\"><\/td><td class=\"column-2\"><strong>IV. ZNANI &#8211;  NIEZNANI<\/td>\n<\/tr>\n<tr class=\"row-16 even\">\n\t<td class=\"column-1\">Dariusz Kisiel<\/td><td class=\"column-2\"><a href=\"https:\/\/rocznikostrowiecki.pl\/wp-content\/uploads\/2026\/04\/RO-2024_4.Kisiel2.pdf\" target=\"_blank\" rel=\"noopener\">Dariusz S\u0142apek. Kibic sportu ostrowieckiego w Lublinie<\/a><\/td>\n<\/tr>\n<tr class=\"row-17 odd\">\n\t<td class=\"column-1\">Dariusz Kisiel<\/td><td class=\"column-2\"><a href=\"https:\/\/rocznikostrowiecki.pl\/wp-content\/uploads\/2026\/04\/RO-2024_4.Kisiel3.pdf\" target=\"_blank\" rel=\"noopener\">Tadeusz Kaczkowski jakiego nie znacie. Przywr\u00f3cona pami\u0119\u0107 o wspania\u0142ym nauczycielu<\/a><\/td>\n<\/tr>\n<tr class=\"row-18 even\">\n\t<td class=\"column-1\">Dariusz Kisiel<\/td><td class=\"column-2\"><a href=\"https:\/\/rocznikostrowiecki.pl\/wp-content\/uploads\/2026\/04\/RO-2024_4.Kisiel4.pdf\" target=\"_blank\" rel=\"noopener\">Malwina Masternak. Jazz gra jej w duszy<\/a><\/td>\n<\/tr>\n<tr class=\"row-19 odd\">\n\t<td class=\"column-1\"><\/td><td class=\"column-2\"><strong>V. OSTROWIEC W PRASIE<\/td>\n<\/tr>\n<tr class=\"row-20 even\">\n\t<td class=\"column-1\">oprac. Waldemar Ryszard Brociek<\/td><td class=\"column-2\"><a href=\"https:\/\/rocznikostrowiecki.pl\/wp-content\/uploads\/2026\/04\/RO-2024_4.Brociek.pdf\" target=\"_blank\" rel=\"noopener\">\u201eGazeta Radomska\u201d o projektach nowych linii kolejowych<\/a><\/td>\n<\/tr>\n<tr class=\"row-21 odd\">\n\t<td class=\"column-1\"><\/td><td class=\"column-2\"><strong>VI. ODESZLI<\/td>\n<\/tr>\n<tr class=\"row-22 even\">\n\t<td class=\"column-1\">Dariusz Kisiel<\/td><td class=\"column-2\"><a href=\"https:\/\/rocznikostrowiecki.pl\/wp-content\/uploads\/2026\/04\/RO-2024_4.Kisiel5.pdf\" target=\"_blank\" rel=\"noopener\">Ryszard Binensztok. Cz\u0142owiek lewicy, cz\u0142owiek sportu<\/a><\/td>\n<\/tr>\n<tr class=\"row-23 odd\">\n\t<td class=\"column-1\">Aneta Pier\u015bci\u0144ska-Maruszewska<\/td><td class=\"column-2\"><a href=\"https:\/\/rocznikostrowiecki.pl\/wp-content\/uploads\/2026\/04\/RO-2024_4.Pierscinska.pdf\" target=\"_blank\" rel=\"noopener\">Stanis\u0142aw Bobkiewicz. Bohater na miar\u0119 wsp\u00f3\u0142czesnych czas\u00f3w<\/a><\/td>\n<\/tr>\n<tr class=\"row-24 even\">\n\t<td class=\"column-1\">Monika Borek<\/td><td class=\"column-2\"><a href=\"https:\/\/rocznikostrowiecki.pl\/wp-content\/uploads\/2026\/04\/RO-2024_4.Borek_.pdf\" target=\"_blank\" rel=\"noopener\">Pawe\u0142 Celeba\u0144ski. Spo\u0142ecznik, polityk i \u2026 m\u00f3j korepetytor<\/a><\/td>\n<\/tr>\n<tr class=\"row-25 odd\">\n\t<td class=\"column-1\">Ewelina \u017buchowska<\/td><td class=\"column-2\"><a href=\"https:\/\/rocznikostrowiecki.pl\/wp-content\/uploads\/2026\/04\/RO-2024_4.Zuchowska.pdf\" target=\"_blank\" rel=\"noopener\">Kazimierz Jaros. Cz\u0142owiek o ogromnym poczuciu humoru i harcie ducha<\/a><\/td>\n<\/tr>\n<tr class=\"row-26 even\">\n\t<td class=\"column-1\">Krzysztof Florys<\/td><td class=\"column-2\"><a href=\"https:\/\/rocznikostrowiecki.pl\/wp-content\/uploads\/2026\/04\/RO-2024_4.Florys.pdf\" target=\"_blank\" rel=\"noopener\">W\u0142odzimierz Milcarz. Prezydent z hutniczym rodowodem<\/a><\/td>\n<\/tr>\n<tr class=\"row-27 odd\">\n\t<td class=\"column-1\">Stanis\u0142awa Danuta Bara\u0144ska<\/td><td class=\"column-2\"><a href=\"https:\/\/rocznikostrowiecki.pl\/wp-content\/uploads\/2026\/04\/RO-2024_4.Baranska.pdf\" target=\"_blank\" rel=\"noopener\">Bo\u017cenna Moryci\u0144ska. W pami\u0119ci obecnych<\/a><\/td>\n<\/tr>\n<tr class=\"row-28 even\">\n\t<td class=\"column-1\">Matylda Niew\u00f3jt<\/td><td class=\"column-2\"><a href=\"https:\/\/rocznikostrowiecki.pl\/wp-content\/uploads\/2026\/04\/RO-2024_4.Niewojt.pdf\" target=\"_blank\" rel=\"noopener\">J\u00f3zef Pazderski. Wspomnienie<\/a><\/td>\n<\/tr>\n<tr class=\"row-29 odd\">\n\t<td class=\"column-1\">Pawe\u0142 Gotowiecki<\/td><td class=\"column-2\"><a href=\"https:\/\/rocznikostrowiecki.pl\/wp-content\/uploads\/2026\/04\/RO-2024_4.Gotowiecki1.pdf\" target=\"_blank\" rel=\"noopener\">W\u0142odzimierz Sajda. Dzia\u0142acz<\/a><\/td>\n<\/tr>\n<tr class=\"row-30 even\">\n\t<td class=\"column-1\">Lech Janiszewski<\/td><td class=\"column-2\"><a href=\"https:\/\/rocznikostrowiecki.pl\/wp-content\/uploads\/2026\/04\/RO-2024_4.Janiszewski.pdf\" target=\"_blank\" rel=\"noopener\">Jolanta Wnuk. Wspomnienie<\/a><\/td>\n<\/tr>\n<tr class=\"row-31 odd\">\n\t<td class=\"column-1\">Dariusz Kisiel<\/td><td class=\"column-2\"><a href=\"https:\/\/rocznikostrowiecki.pl\/wp-content\/uploads\/2026\/04\/RO-2024_4.Kisiel6.pdf\" target=\"_blank\" rel=\"noopener\">Bogus\u0142aw Wojs\u0142awski. Legenda ostrowieckiej szermierki na pi\u0119\u015bci<\/a><\/td>\n<\/tr>\n<tr class=\"row-32 even\">\n\t<td class=\"column-1\">Barbara Bakalarz-Kowalska<\/td><td class=\"column-2\"><a href=\"https:\/\/rocznikostrowiecki.pl\/wp-content\/uploads\/2026\/04\/RO-2024_4.B.-Kowalska2.pdf\" target=\"_blank\" rel=\"noopener\">Bo\u017cena Zboina. Otwarta na \u015bwiat i ludzi<\/a><\/td>\n<\/tr>\n<tr class=\"row-33 odd\">\n\t<td class=\"column-1\"><\/td><td class=\"column-2\"><strong>VII. RECENZJE<\/td>\n<\/tr>\n<tr class=\"row-34 even\">\n\t<td class=\"column-1\">Piotr Kardy\u015b<\/td><td class=\"column-2\"><a href=\"https:\/\/rocznikostrowiecki.pl\/wp-content\/uploads\/2026\/04\/RO-2024_4.Kardys.pdf\" target=\"_blank\" rel=\"noopener\">Gotowiecki Pawe\u0142 (red.), Dzieje miasta Ostrowca \u015awi\u0119tokrzyskiego, Wydawnictwo Akademii Nauk Stosowanych im. Akademii Nauk Stosowanych im. J\u00f3zefa Go\u0142uchowskiego, Ostrowiec \u015awi\u0119tokrzyski 2023, ss. 580<\/a><\/td>\n<\/tr>\n<tr class=\"row-35 odd\">\n\t<td class=\"column-1\">Edyta Majcher-Ociesa<\/td><td class=\"column-2\"><a href=\"https:\/\/rocznikostrowiecki.pl\/wp-content\/uploads\/2026\/04\/RO-2024_4.Majcher-Ociesa.pdf\" target=\"_blank\" rel=\"noopener\">Wielopolski Antoni, Nie tylko moje \u017cycie: wspomnienia Antoniego hr. Wielopolskiego, oprac. Wojciech Wielopolski, t. I-II, Muzeum Historyczno-Archeologiczne w Ostrowcu \u015awi\u0119tokrzyskim, Ostrowiec \u015awi\u0119tokrzyski 2023, ss. 615<\/a><\/td>\n<\/tr>\n<tr class=\"row-36 even\">\n\t<td class=\"column-1\">Barbara Kasprzyk-Dulewicz<\/td><td class=\"column-2\"><a href=\"https:\/\/rocznikostrowiecki.pl\/wp-content\/uploads\/2026\/04\/RO-2024_4.Brociek2.pdf\" target=\"_blank\" rel=\"noopener\">Dziennik dra Zygmunta W\u0119gli\u0144skiego (1905-1946), oprac. Waldemar Ryszard Brociek, Ostrowiec \u015awi\u0119tokrzyski 2023, ss. 207<\/a><\/td>\n<\/tr>\n<tr class=\"row-37 odd\">\n\t<td class=\"column-1\">Magdalena G\u0142\u0105b<\/td><td class=\"column-2\"><a href=\"https:\/\/rocznikostrowiecki.pl\/wp-content\/uploads\/2026\/04\/RO-2024_4.Glab_.pdf\" target=\"_blank\" rel=\"noopener\">Halpert Tadeusz, Pami\u0119tnik: pierwsze 72 lata mojego \u017cycia, oprac. Joanna Bo\u017cek i in., Stowarzyszenie Mi\u0142o\u015bnik\u00f3w Historii Szczekocin i Okolic, Miejsko Gminna Biblioteka Publiczna w Szczekocinach, Szczekociny 2022, ss. 86<\/a><\/td>\n<\/tr>\n<tr class=\"row-38 even\">\n\t<td class=\"column-1\"><\/td><td class=\"column-2\"><strong>VIII. NOTY, KOMENTARZE, POLEMIKI<\/td>\n<\/tr>\n<tr class=\"row-39 odd\">\n\t<td class=\"column-1\">Waldemar Ryszard Brociek<\/td><td class=\"column-2\"><a href=\"https:\/\/rocznikostrowiecki.pl\/wp-content\/uploads\/2026\/04\/RO-2024_4.Brociek3.pdf\" target=\"_blank\" rel=\"noopener\">Rada Miejska w Ostrowcu wobec zaboru \u015al\u0105ska Cieszy\u0144skiego przez Czechos\u0142owacj\u0119 w 1919 roku<\/a><\/td>\n<\/tr>\n<tr class=\"row-40 even\">\n\t<td class=\"column-1\">Pawe\u0142 Gotowiecki<\/td><td class=\"column-2\"><a href=\"https:\/\/rocznikostrowiecki.pl\/wp-content\/uploads\/2026\/04\/RO-2024_4.Gotowiecki2.pdf\" target=\"_blank\" rel=\"noopener\">Bry\u0142\u0105 mi\u0119dzy oczy, czyli sp\u00f3r historyka z regionalist\u0105<\/a><\/td>\n<\/tr>\n<tr class=\"row-41 odd\">\n\t<td class=\"column-1\"><\/td><td class=\"column-2\"><strong>IX. OSTROWIECKA KRONIKA KULTURALNA<\/td>\n<\/tr>\n<tr class=\"row-42 even\">\n\t<td class=\"column-1\">Barbara Bakalarz-Kowalska<\/td><td class=\"column-2\"><a href=\"https:\/\/rocznikostrowiecki.pl\/wp-content\/uploads\/2026\/04\/RO-2024_4.Kronika.pdf\" target=\"_blank\" rel=\"noopener\">Kalendarium wydarze\u0144 kulturalnych w roku 2023<\/a><\/td>\n<\/tr>\n<\/tbody>\n<\/table>\n<!-- #tablepress-4 from cache -->","protected":false},"excerpt":{"rendered":"","protected":false},"author":1,"featured_media":0,"parent":0,"menu_order":0,"comment_status":"closed","ping_status":"closed","template":"","meta":{"footnotes":""},"class_list":["post-256","page","type-page","status-publish","hentry"],"_links":{"self":[{"href":"https:\/\/rocznikostrowiecki.pl\/index.php?rest_route=\/wp\/v2\/pages\/256","targetHints":{"allow":["GET"]}}],"collection":[{"href":"https:\/\/rocznikostrowiecki.pl\/index.php?rest_route=\/wp\/v2\/pages"}],"about":[{"href":"https:\/\/rocznikostrowiecki.pl\/index.php?rest_route=\/wp\/v2\/types\/page"}],"author":[{"embeddable":true,"href":"https:\/\/rocznikostrowiecki.pl\/index.php?rest_route=\/wp\/v2\/users\/1"}],"replies":[{"embeddable":true,"href":"https:\/\/rocznikostrowiecki.pl\/index.php?rest_route=%2Fwp%2Fv2%2Fcomments&post=256"}],"version-history":[{"count":2,"href":"https:\/\/rocznikostrowiecki.pl\/index.php?rest_route=\/wp\/v2\/pages\/256\/revisions"}],"predecessor-version":[{"id":258,"href":"https:\/\/rocznikostrowiecki.pl\/index.php?rest_route=\/wp\/v2\/pages\/256\/revisions\/258"}],"wp:attachment":[{"href":"https:\/\/rocznikostrowiecki.pl\/index.php?rest_route=%2Fwp%2Fv2%2Fmedia&parent=256"}],"curies":[{"name":"wp","href":"https:\/\/api.w.org\/{rel}","templated":true}]}}